{"id":2436,"date":"2020-12-23T09:04:46","date_gmt":"2020-12-23T08:04:46","guid":{"rendered":"https:\/\/www.bevanslovakia.com\/shop\/darcekove-poukazky-na-prenajom-kampervanu\/"},"modified":"2020-12-23T09:04:46","modified_gmt":"2020-12-23T08:04:46","slug":"darcekove-poukazky-na-prenajom-kampervanu","status":"publish","type":"product","link":"https:\/\/www.bevanslovakia.com\/sk\/shop\/darcekove-poukazky-na-prenajom-kampervanu\/","title":{"rendered":"Dar\u010dekov\u00e9 pouk\u00e1\u017eky na pren\u00e1jom kampervanu"},"content":{"rendered":"","protected":false},"excerpt":{"rendered":"<p>H\u013ead\u00e1\u0161 perfektn\u00fd dar\u010dek na dobrodru\u017estvo?<\/p>\n<p>Pre\u010do nedarova\u0165 svojim bl\u00edzkym nezabudnute\u013en\u00fa dovolenku s BeVan Slovakia?<\/p>\n<p>M\u00f4\u017ee\u0161 si k\u00fapi\u0165 jednu z na\u0161ich dar\u010dekov\u00fdch pouk\u00e1\u017eok 20 \u20ac, 50 \u20ac, 100 \u20ac, 200 \u20ac, ktor\u00e1 sa okam\u017eite odo\u0161le na e-mailov\u00fa adresu pod\u013ea tvojho v\u00fdberu.<\/p>\n<p>Dar\u010dekov\u00fa pouk\u00e1\u017eku m\u00f4\u017ee\u0161 pou\u017ei\u0165 na ktor\u00fako\u013evek zo \u0161iestich verzi\u00ed BeVan bez \u010dasov\u00e9ho obmedzenia.<\/p>\n","protected":false},"featured_media":1274,"template":"","meta":{"om_disable_all_campaigns":false,"_monsterinsights_skip_tracking":false,"_monsterinsights_sitenote_active":false,"_monsterinsights_sitenote_note":"","_monsterinsights_sitenote_category":0},"product_brand":[],"product_cat":[560],"product_tag":[591],"class_list":{"0":"post-2436","1":"product","2":"type-product","3":"status-publish","4":"has-post-thumbnail","6":"product_cat-darcekove-poukazky","7":"product_tag-darcekove-poukazky","9":"first","10":"instock","11":"purchasable","12":"product-type-pw-gift-card"},"_links":{"self":[{"href":"https:\/\/www.bevanslovakia.com\/sk\/wp-json\/wp\/v2\/product\/2436","targetHints":{"allow":["GET"]}}],"collection":[{"href":"https:\/\/www.bevanslovakia.com\/sk\/wp-json\/wp\/v2\/product"}],"about":[{"href":"https:\/\/www.bevanslovakia.com\/sk\/wp-json\/wp\/v2\/types\/product"}],"wp:featuredmedia":[{"embeddable":true,"href":"https:\/\/www.bevanslovakia.com\/sk\/wp-json\/wp\/v2\/media\/1274"}],"wp:attachment":[{"href":"https:\/\/www.bevanslovakia.com\/sk\/wp-json\/wp\/v2\/media?parent=2436"}],"wp:term":[{"taxonomy":"product_brand","embeddable":true,"href":"https:\/\/www.bevanslovakia.com\/sk\/wp-json\/wp\/v2\/product_brand?post=2436"},{"taxonomy":"product_cat","embeddable":true,"href":"https:\/\/www.bevanslovakia.com\/sk\/wp-json\/wp\/v2\/product_cat?post=2436"},{"taxonomy":"product_tag","embeddable":true,"href":"https:\/\/www.bevanslovakia.com\/sk\/wp-json\/wp\/v2\/product_tag?post=2436"}],"curies":[{"name":"wp","href":"https:\/\/api.w.org\/{rel}","templated":true}]}}