{"id":2508,"date":"2016-08-09T14:21:14","date_gmt":"2016-08-09T12:21:14","guid":{"rendered":"https:\/\/www.bevanslovakia.com\/zasady-pouzivania-suborov-cookie\/"},"modified":"2026-04-08T11:57:20","modified_gmt":"2026-04-08T09:57:20","slug":"zasady-pouzivania-suborov-cookie","status":"publish","type":"page","link":"https:\/\/www.bevanslovakia.com\/sk\/zasady-pouzivania-suborov-cookie\/","title":{"rendered":"Z\u00e1sady pou\u017e\u00edvania s\u00faborov cookie"},"content":{"rendered":"\n<h3 style=\"text-align: center;\"><strong>Z\u00e1sady pou\u017e\u00edvania s\u00faborov cookies<\/strong><\/h3>\n<p style=\"text-align: justify;\">N\u00e1v\u0161tevou na\u0161ej webovej str\u00e1nky (<a href=\"https:\/\/www.bevanslovakia.com\/sk\/\">https:\/\/www.bevanslovakia.com<\/a> \u2013 \u201ewebov\u00e1 str\u00e1nka\u201c) s\u00fahlas\u00edte s ustanoveniami na\u0161ich z\u00e1sad pou\u017e\u00edvania s\u00faborov cookie, ktor\u00e9 s\u00fa pop\u00edsan\u00e9 ni\u017e\u0161ie.<\/p>\n<h4 style=\"text-align: justify;\"><strong>Popis s\u00faborov cookie<\/strong><\/h4>\n<p style=\"text-align: justify;\">S\u00fabory cookie s\u00fa mal\u00e9 k\u00fasky inform\u00e1ci\u00ed, zvy\u010dajne p\u00edsmen\u00e1 a \u010d\u00edsla, ktor\u00e9 m\u00e1 v\u00e1\u0161 prehliada\u010d ulo\u017ei\u0165 pri n\u00e1v\u0161teve niektor\u00fdch str\u00e1nok. Umo\u017e\u0148uj\u00fa t\u00fdmto str\u00e1nkam odl\u00ed\u0161i\u0165 v\u00e1s od ostatn\u00fdch. Pou\u017e\u00edvame mal\u00fd po\u010det s\u00faborov cookie, ktor\u00e9 s\u00fa nevyhnutn\u00e9 pre fungovanie na\u0161ej str\u00e1nky, napr\u00edklad n\u00e1m umo\u017e\u0148uj\u00fa zapam\u00e4ta\u0165 si, \u010do ste vlo\u017eili do n\u00e1kupn\u00e9ho ko\u0161\u00edka. S\u00fa nevyhnutn\u00e9 pre spr\u00e1vne fungovanie webovej str\u00e1nky.   <\/p>\n<h4 style=\"text-align: justify;\"><strong>Typ s\u00faborov cookie<\/strong><\/h4>\n<ul style=\"text-align: justify;\">\n<li>Do\u010dasn\u00e9 s\u00fabory cookie sl\u00fa\u017eia napr\u00edklad po prihl\u00e1sen\u00ed do slu\u017eby identifik\u00e1cie pou\u017e\u00edvate\u013ea po\u010das trvania prihl\u00e1senia. Bez t\u00fdchto s\u00faborov cookie niektor\u00e9 z na\u0161ich slu\u017eieb nemusia v\u00f4bec fungova\u0165 alebo ich funk\u010dnos\u0165 m\u00f4\u017ee by\u0165 obmedzen\u00e1. Do\u010dasn\u00e9 s\u00fabory cookie sa automaticky vyma\u017e\u00fa po vypnut\u00ed prehliada\u010da.  <\/li>\n<li>Trval\u00e9 s\u00fabory cookie zost\u00e1vaj\u00fa v prehliada\u010di aj po vypnut\u00ed po\u010d\u00edta\u010da. Tieto s\u00fabory cookie s\u00fa nastaveniami pou\u017e\u00edvate\u013ea, a preto s\u00fa navrhnut\u00e9 tak, aby zv\u00fd\u0161ili jeho pohodlie pri pou\u017e\u00edvan\u00ed na\u0161ich slu\u017eieb, alebo na \u0161tatistick\u00e9 \u010di reklamn\u00e9 \u00fa\u010dely. <\/li>\n<\/ul>\n<p>Pou\u017e\u00edvate\u013e s\u00fahlas\u00ed s pou\u017e\u00edvan\u00edm s\u00faborov cookie kliknut\u00edm na pr\u00edslu\u0161n\u00e9 pol\u00ed\u010dko v dolnom paneli, ktor\u00fd sa zobraz\u00ed na na\u0161ej str\u00e1nke. Zmenou nastaven\u00ed prehliada\u010da m\u00f4\u017eu pou\u017e\u00edvatelia kedyko\u013evek po udelen\u00ed tohto s\u00fahlasu jednoducho zak\u00e1za\u0165 s\u00fabory cookie (vr\u00e1tane s\u00faborov cookie tret\u00edch str\u00e1n). Ak s\u00fa v\u0161ak ur\u010dit\u00e9 s\u00fabory cookie v prehliada\u010di zak\u00e1zan\u00e9, niektor\u00e9 \u010dasti str\u00e1nky nemusia fungova\u0165 spr\u00e1vne.  <\/p>\n<p>S\u00fabory cookie s\u00fa nevyhnutn\u00e9 pre spr\u00e1vne fungovanie webovej str\u00e1nky. Na\u0161\u00edm cie\u013eom je minimalizova\u0165 pou\u017e\u00edvanie s\u00faborov cookie a poskytn\u00fa\u0165 v\u00e1m jasn\u00e9 inform\u00e1cie o tom, \u010do robia. M\u00f4\u017eete si by\u0165 ist\u00ed, \u017ee podnik\u00e1me v\u0161etky kroky na ochranu va\u0161ich osobn\u00fdch \u00fadajov a s\u00fakromia. \u010eal\u0161ie inform\u00e1cie o tom, ako chr\u00e1nime va\u0161e \u00fadaje, n\u00e1jdete v na\u0161ich <a href=\"https:\/\/www.bevanslovakia.com\/sk\/zasady-ochrany-osobnych-udajov\/\"><strong>Z\u00e1sad\u00e1ch ochrany osobn\u00fdch \u00fadajov<\/strong><\/a>.   <\/p>\n","protected":false},"excerpt":{"rendered":"<p>Z\u00e1sady pou\u017e\u00edvania s\u00faborov cookies N\u00e1v\u0161tevou na\u0161ej webovej str\u00e1nky (https:\/\/www.bevanslovakia.com \u2013 \u201ewebov\u00e1 str\u00e1nka\u201c) s\u00fahlas\u00edte s ustanoveniami na\u0161ich z\u00e1sad pou\u017e\u00edvania s\u00faborov cookie, ktor\u00e9 s\u00fa pop\u00edsan\u00e9 ni\u017e\u0161ie. Popis s\u00faborov cookie S\u00fabory cookie s\u00fa mal\u00e9 k\u00fasky inform\u00e1ci\u00ed, zvy\u010dajne p\u00edsmen\u00e1 a \u010d\u00edsla, ktor\u00e9 m\u00e1 v\u00e1\u0161 prehliada\u010d ulo\u017ei\u0165 pri n\u00e1v\u0161teve niektor\u00fdch str\u00e1nok. Umo\u017e\u0148uj\u00fa t\u00fdmto str\u00e1nkam odl\u00ed\u0161i\u0165 v\u00e1s od ostatn\u00fdch. Pou\u017e\u00edvame mal\u00fd <\/p>\n","protected":false},"author":2,"featured_media":0,"parent":0,"menu_order":0,"comment_status":"closed","ping_status":"closed","template":"","meta":{"om_disable_all_campaigns":false,"_monsterinsights_skip_tracking":false,"_monsterinsights_sitenote_active":false,"_monsterinsights_sitenote_note":"","_monsterinsights_sitenote_category":0,"footnotes":""},"class_list":["post-2508","page","type-page","status-publish","hentry"],"_links":{"self":[{"href":"https:\/\/www.bevanslovakia.com\/sk\/wp-json\/wp\/v2\/pages\/2508","targetHints":{"allow":["GET"]}}],"collection":[{"href":"https:\/\/www.bevanslovakia.com\/sk\/wp-json\/wp\/v2\/pages"}],"about":[{"href":"https:\/\/www.bevanslovakia.com\/sk\/wp-json\/wp\/v2\/types\/page"}],"author":[{"embeddable":true,"href":"https:\/\/www.bevanslovakia.com\/sk\/wp-json\/wp\/v2\/users\/2"}],"replies":[{"embeddable":true,"href":"https:\/\/www.bevanslovakia.com\/sk\/wp-json\/wp\/v2\/comments?post=2508"}],"version-history":[{"count":1,"href":"https:\/\/www.bevanslovakia.com\/sk\/wp-json\/wp\/v2\/pages\/2508\/revisions"}],"predecessor-version":[{"id":2509,"href":"https:\/\/www.bevanslovakia.com\/sk\/wp-json\/wp\/v2\/pages\/2508\/revisions\/2509"}],"wp:attachment":[{"href":"https:\/\/www.bevanslovakia.com\/sk\/wp-json\/wp\/v2\/media?parent=2508"}],"curies":[{"name":"wp","href":"https:\/\/api.w.org\/{rel}","templated":true}]}}