{"id":2500,"date":"2016-08-04T11:15:19","date_gmt":"2016-08-04T09:15:19","guid":{"rendered":"https:\/\/www.bevanslovakia.com\/platobne-podmienky\/"},"modified":"2026-04-08T11:54:12","modified_gmt":"2026-04-08T09:54:12","slug":"platobne-podmienky","status":"publish","type":"page","link":"https:\/\/www.bevanslovakia.com\/sk\/platobne-podmienky\/","title":{"rendered":"Platobn\u00e9 podmienky"},"content":{"rendered":"\n<div class=\"row\"  id=\"row-1983044115\">\n\n\n\t<div id=\"col-399636964\" class=\"col small-12 large-12\"  >\n\t\t\t\t<div class=\"col-inner\"  >\n\t\t\t\n\t\t\t\n\n\n  \n    <div class=\"row large-columns-5 medium-columns-3 small-columns-2\" >\n  <div class=\"gallery-col col\" >\n          <div class=\"col-inner\">\n            <a class=\"image-lightbox lightbox-gallery\" href=\"https:\/\/www.bevanslovakia.com\/wp-content\/uploads\/2019\/06\/paypal-web.jpg\" title=\"\">            <div class=\"box has-hover gallery-box box-overlay dark\">\n              <div class=\"box-image\" >\n                <img loading=\"lazy\" decoding=\"async\" width=\"266\" height=\"142\" src=\"https:\/\/www.bevanslovakia.com\/wp-content\/uploads\/2019\/06\/paypal-web.jpg\" class=\"attachment-medium size-medium\" alt=\"\" ids=\"2501,2502,2503,2504,2505\" columns=\"5\" \/>                                  <div class=\"overlay fill\"\n                      style=\"background-color: rgba(0,0,0,.15)\">\n                  <\/div>\n                                                              <\/div>\n              <div class=\"box-text text-left\" >\n                 <p><\/p>\n              <\/div>\n            <\/div>\n            <\/a>          <\/div>\n         <\/div><div class=\"gallery-col col\" >\n          <div class=\"col-inner\">\n            <a class=\"image-lightbox lightbox-gallery\" href=\"https:\/\/www.bevanslovakia.com\/wp-content\/uploads\/2019\/06\/Visa-web.jpg\" title=\"\">            <div class=\"box has-hover gallery-box box-overlay dark\">\n              <div class=\"box-image\" >\n                <img loading=\"lazy\" decoding=\"async\" width=\"266\" height=\"142\" src=\"https:\/\/www.bevanslovakia.com\/wp-content\/uploads\/2019\/06\/Visa-web.jpg\" class=\"attachment-medium size-medium\" alt=\"\" ids=\"2501,2502,2503,2504,2505\" columns=\"5\" \/>                                  <div class=\"overlay fill\"\n                      style=\"background-color: rgba(0,0,0,.15)\">\n                  <\/div>\n                                                              <\/div>\n              <div class=\"box-text text-left\" >\n                 <p><\/p>\n              <\/div>\n            <\/div>\n            <\/a>          <\/div>\n         <\/div><div class=\"gallery-col col\" >\n          <div class=\"col-inner\">\n            <a class=\"image-lightbox lightbox-gallery\" href=\"https:\/\/www.bevanslovakia.com\/wp-content\/uploads\/2019\/06\/Visa-electron-web.jpg\" title=\"\">            <div class=\"box has-hover gallery-box box-overlay dark\">\n              <div class=\"box-image\" >\n                <img loading=\"lazy\" decoding=\"async\" width=\"266\" height=\"142\" src=\"https:\/\/www.bevanslovakia.com\/wp-content\/uploads\/2019\/06\/Visa-electron-web.jpg\" class=\"attachment-medium size-medium\" alt=\"\" ids=\"2501,2502,2503,2504,2505\" columns=\"5\" \/>                                  <div class=\"overlay fill\"\n                      style=\"background-color: rgba(0,0,0,.15)\">\n                  <\/div>\n                                                              <\/div>\n              <div class=\"box-text text-left\" >\n                 <p><\/p>\n              <\/div>\n            <\/div>\n            <\/a>          <\/div>\n         <\/div><div class=\"gallery-col col\" >\n          <div class=\"col-inner\">\n            <a class=\"image-lightbox lightbox-gallery\" href=\"https:\/\/www.bevanslovakia.com\/wp-content\/uploads\/2019\/06\/mastercard-web.jpg\" title=\"\">            <div class=\"box has-hover gallery-box box-overlay dark\">\n              <div class=\"box-image\" >\n                <img loading=\"lazy\" decoding=\"async\" width=\"266\" height=\"142\" src=\"https:\/\/www.bevanslovakia.com\/wp-content\/uploads\/2019\/06\/mastercard-web.jpg\" class=\"attachment-medium size-medium\" alt=\"\" ids=\"2501,2502,2503,2504,2505\" columns=\"5\" \/>                                  <div class=\"overlay fill\"\n                      style=\"background-color: rgba(0,0,0,.15)\">\n                  <\/div>\n                                                              <\/div>\n              <div class=\"box-text text-left\" >\n                 <p><\/p>\n              <\/div>\n            <\/div>\n            <\/a>          <\/div>\n         <\/div><div class=\"gallery-col col\" >\n          <div class=\"col-inner\">\n            <a class=\"image-lightbox lightbox-gallery\" href=\"https:\/\/www.bevanslovakia.com\/wp-content\/uploads\/2019\/06\/maestro-web.jpg\" title=\"\">            <div class=\"box has-hover gallery-box box-overlay dark\">\n              <div class=\"box-image\" >\n                <img loading=\"lazy\" decoding=\"async\" width=\"266\" height=\"142\" src=\"https:\/\/www.bevanslovakia.com\/wp-content\/uploads\/2019\/06\/maestro-web.jpg\" class=\"attachment-medium size-medium\" alt=\"\" ids=\"2501,2502,2503,2504,2505\" columns=\"5\" \/>                                  <div class=\"overlay fill\"\n                      style=\"background-color: rgba(0,0,0,.15)\">\n                  <\/div>\n                                                              <\/div>\n              <div class=\"box-text text-left\" >\n                 <p><\/p>\n              <\/div>\n            <\/div>\n            <\/a>          <\/div>\n         <\/div><\/div>\n\n<h3 style=\"text-align: center;\"><strong>Platobn\u00e9 podmienky<\/strong><\/h3>\n<p style=\"text-align: justify;\">Platobn\u00e9 podmienky \u0161pecifikovan\u00e9 sp\u00f4soby platby a \u010fal\u0161ie podmienky.<\/p>\n<p style=\"text-align: justify;\">Platobn\u00e9 met\u00f3dy akceptovan\u00e9 Spolo\u010dnos\u0165ou na webovej str\u00e1nke pre Rezerv\u00e1ciu s\u00fa platn\u00e1 debetn\u00e1\/kreditn\u00e1 karta, PayPal, bankov\u00fd prevod, platba v de\u0148 vyzdvihnutia.<\/p>\n<p style=\"text-align: justify;\">Platba, ktor\u00fa Spolo\u010dnos\u0165 zadr\u017e\u00ed, pozost\u00e1va z ceny Slu\u017eby, ako aj z platby Z\u00e1bezpeky. T\u00fato platbu zadr\u017euje Spolo\u010dnos\u0165. <\/p>\n<p style=\"text-align: justify;\">Na kreditnej karte z\u00e1kazn\u00edka je zadr\u017ean\u00e1 kaucia vo v\u00fd\u0161ke 1 000 EUR alebo spolo\u010dnos\u0165 vezme hotovostn\u00fa kauciu na pokrytie n\u00e1kladov na pr\u00edpadn\u00fa spolu\u00fa\u010das\u0165\/spolu\u00fa\u010das\u0165 poistenia, dopravn\u00e9 priestupky, n\u00e1klady na tankovanie at\u010f. Ak nevznikn\u00fa \u017eiadne n\u00e1klady na dopravn\u00e9 priestupky ani in\u00e9 n\u00e1klady, kaucia zadr\u017ean\u00e1 na kreditnej karte prepad\u00e1, zvy\u010dajne do 3 t\u00fd\u017ed\u0148ov od ukon\u010denia doby pren\u00e1jmu. Hotovostn\u00e1 kaucia vo v\u00fd\u0161ke kaucie sa vracia v de\u0148 vr\u00e1tenia vozidla po tom, \u010do sa na obytnom vozidle nezistia \u017eiadne \u0161kody a nie je zn\u00e1me \u017eiadne poru\u0161enie ak\u00fdchko\u013evek z\u00e1sad spolo\u010dnosti.  <\/p>\n<p style=\"text-align: justify;\">Platby Spolo\u010dnosti musia by\u0165 vykonan\u00e9 v miestnej mene (EUR). Ak sa t\u00e1to mena l\u00ed\u0161i od meny kreditnej karty Z\u00e1kazn\u00edka, spolo\u010dnos\u0165 vyd\u00e1vaj\u00faca kreditn\u00fa kartu vykon\u00e1 v\u00fdmenu meny pod\u013ea svojho stanoven\u00e9ho kurzu a m\u00f4\u017ee karte tie\u017e \u00fa\u010dtova\u0165 poplatok za konverziu. Spolo\u010dnos\u0165 nezodpoved\u00e1 za rozdiely medzi cenou zobrazenou na webovej str\u00e1nke a sumou, ktor\u00e1 je za\u0165a\u017een\u00e1 kreditnou kartou Z\u00e1kazn\u00edka, ak s\u00fa tieto rozdiely sp\u00f4soben\u00e9 pou\u017eit\u00fdm v\u00fdmenn\u00fdm kurzom alebo poplatkom za konverziu.  <\/p>\n<p style=\"text-align: justify;\">Spolo\u010dnos\u0165 po\u017eaduje predbe\u017en\u00fa autoriz\u00e1ciu kreditnej karty Z\u00e1kazn\u00edka na sumu 1 000 eur alebo \u00fahradu v hotovosti ako z\u00e1lohu uveden\u00fa v Zmluve o rezerv\u00e1cii predt\u00fdm, ako Z\u00e1kazn\u00edkovi umo\u017en\u00ed vyzdvihn\u00fa\u0165 si obytn\u00fd automobil.<\/p>\n<p style=\"text-align: justify;\"><strong> <\/strong><strong> <\/strong><\/p>\n\n\t\t<\/div>\n\t\t\t\t\t<\/div>\n\n\t\n\n<\/div>\n\n","protected":false},"excerpt":{"rendered":"","protected":false},"author":2,"featured_media":0,"parent":0,"menu_order":0,"comment_status":"closed","ping_status":"closed","template":"","meta":{"om_disable_all_campaigns":false,"_monsterinsights_skip_tracking":false,"_monsterinsights_sitenote_active":false,"_monsterinsights_sitenote_note":"","_monsterinsights_sitenote_category":0,"footnotes":""},"class_list":["post-2500","page","type-page","status-publish","hentry"],"_links":{"self":[{"href":"https:\/\/www.bevanslovakia.com\/sk\/wp-json\/wp\/v2\/pages\/2500","targetHints":{"allow":["GET"]}}],"collection":[{"href":"https:\/\/www.bevanslovakia.com\/sk\/wp-json\/wp\/v2\/pages"}],"about":[{"href":"https:\/\/www.bevanslovakia.com\/sk\/wp-json\/wp\/v2\/types\/page"}],"author":[{"embeddable":true,"href":"https:\/\/www.bevanslovakia.com\/sk\/wp-json\/wp\/v2\/users\/2"}],"replies":[{"embeddable":true,"href":"https:\/\/www.bevanslovakia.com\/sk\/wp-json\/wp\/v2\/comments?post=2500"}],"version-history":[{"count":2,"href":"https:\/\/www.bevanslovakia.com\/sk\/wp-json\/wp\/v2\/pages\/2500\/revisions"}],"predecessor-version":[{"id":2507,"href":"https:\/\/www.bevanslovakia.com\/sk\/wp-json\/wp\/v2\/pages\/2500\/revisions\/2507"}],"wp:attachment":[{"href":"https:\/\/www.bevanslovakia.com\/sk\/wp-json\/wp\/v2\/media?parent=2500"}],"curies":[{"name":"wp","href":"https:\/\/api.w.org\/{rel}","templated":true}]}}