{"id":2498,"date":"2016-03-31T14:08:59","date_gmt":"2016-03-31T12:08:59","guid":{"rendered":"https:\/\/www.bevanslovakia.com\/zasady-ochrany-osobnych-udajov\/"},"modified":"2026-04-08T11:31:50","modified_gmt":"2026-04-08T09:31:50","slug":"zasady-ochrany-osobnych-udajov","status":"publish","type":"page","link":"https:\/\/www.bevanslovakia.com\/sk\/zasady-ochrany-osobnych-udajov\/","title":{"rendered":"Z\u00e1sady ochrany osobn\u00fdch \u00fadajov"},"content":{"rendered":"\n<h2 style=\"text-align: center;\"><strong>Z\u00e1sady ochrany osobn\u00fdch \u00fadajov<\/strong><\/h2>\n<p style=\"text-align: justify;\"> <\/p>\n<p style=\"text-align: justify;\">T\u00fato webov\u00fa str\u00e1nku spravujeme my, spolo\u010dnos\u0165 ADVENTURE 4 LIFE s.r.o. Tieto z\u00e1sady ochrany osobn\u00fdch \u00fadajov spolu s na\u0161imi <a href=\"https:\/\/www.bevanslovakia.com\/cookies-policy\/\">z\u00e1sadami pou\u017e\u00edvania s\u00faborov cookies<\/a> vysvet\u013euj\u00fa, ako pou\u017e\u00edvame ak\u00e9ko\u013evek inform\u00e1cie, ktor\u00e9 o v\u00e1s zhroma\u017e\u010fujeme, a tvoria s\u00fa\u010das\u0165 na\u0161ich <a href=\"https:\/\/www.bevanslovakia.com\/terms-and-conditions\/\">zmluvn\u00fdch podmienok<\/a>. <\/p>\n<p style=\"text-align: justify;\">Na \u00fa\u010dely pr\u00edslu\u0161n\u00e9ho nariadenia Eur\u00f3pskeho parlamentu a Rady (E\u00da) 2016\/679, v\u0161eobecn\u00e9ho nariadenia o ochrane \u00fadajov (GDPR), sme prev\u00e1dzkovate\u013eom va\u0161ich osobn\u00fdch \u00fadajov. Ako prev\u00e1dzkovate\u013e pou\u017e\u00edvame osobn\u00e9 \u00fadaje, ktor\u00e9 o v\u00e1s uchov\u00e1vame, v s\u00falade so Z\u00e1sadami ochrany osobn\u00fdch \u00fadajov. Zav\u00e4zujeme sa chr\u00e1ni\u0165 va\u0161e s\u00fakromie v s\u00falade so Zbierkou z\u00e1konov \u010d. 18\/2018 Z. z. o ochrane osobn\u00fdch \u00fadajov v informa\u010dn\u00fdch syst\u00e9moch.  <\/p>\n<h4 style=\"text-align: justify;\"><strong>V\u0161eobecn\u00e9<\/strong><\/h4>\n<p style=\"text-align: justify;\">Inform\u00e1cie o v\u00e1s budeme zhroma\u017e\u010fova\u0165, ke\u010f si u n\u00e1s otvor\u00edte \u00fa\u010det, zaregistrujete sa na webovej str\u00e1nke <a href=\"http:\/\/www.bevanslovakia.com\/sk\/\">www.bevanslovakia.com<\/a>, objedn\u00e1te si produkty alebo slu\u017eby alebo n\u00e1s po\u017eiadate o \u010fal\u0161ie inform\u00e1cie. Medzi inform\u00e1cie, ktor\u00e9 m\u00f4\u017eeme zhroma\u017e\u010fova\u0165, patria: va\u0161e meno, po\u0161tov\u00e1 adresa, e-mailov\u00e1 adresa a telef\u00f3nne \u010d\u00edslo, aby sme v\u00e1s v pr\u00edpade potreby mohli kontaktova\u0165. M\u00f4\u017eeme tie\u017e zhroma\u017e\u010fova\u0165 inform\u00e1cie o tom, ako pou\u017e\u00edvate t\u00fato webov\u00fa str\u00e1nku, pomocou s\u00faborov cookies.  <\/p>\n<p style=\"text-align: justify;\">Inform\u00e1cie, ktor\u00e9 poskytnete, m\u00f4\u017eeme pou\u017ei\u0165 na spracovanie va\u0161ej objedn\u00e1vky alebo na spr\u00e1vu v\u00e1\u0161ho \u00fa\u010dtu. Budeme v\u00e1s tie\u017e m\u00f4c\u0165 kontaktova\u0165 oh\u013eadom va\u0161ich n\u00e1zorov na na\u0161e slu\u017eby, poskytn\u00fa\u0165 v\u00e1m personalizovanej\u0161\u00ed online z\u00e1\u017eitok a poskytova\u0165 v\u00e1m komunik\u00e1ciu na mieru. Pom\u00e1ha n\u00e1m to vies\u0165 presn\u00e9 z\u00e1znamy, informova\u0165 v\u00e1s o produktoch a slu\u017eb\u00e1ch, ktor\u00e9 pon\u00fakame, na \u00fa\u010dely prieskumu trhu a pom\u00e1ha n\u00e1m to zlep\u0161ova\u0165 obsah na\u0161ej webovej str\u00e1nky, aby bola vidite\u013enej\u0161ia a u\u017eito\u010dnej\u0161ia.  <\/p>\n<p style=\"text-align: justify;\">Va\u0161e inform\u00e1cie uchov\u00e1vame iba po obmedzen\u00fa dobu. M\u00f4\u017eeme odpoveda\u0165 na va\u0161u ot\u00e1zku, poskytn\u00fa\u0165 v\u00e1m potrebn\u00e9 inform\u00e1cie alebo v\u00e1m posiela\u0165 aktualiz\u00e1cie o na\u0161ich produktoch a slu\u017eb\u00e1ch dovtedy, k\u00fdm n\u00e1m ozn\u00e1mite, \u017ee s t\u00fdm s\u00fahlas\u00edte. Zo z\u00e1kona v\u0161ak mus\u00edme niektor\u00e9 z\u00e1znamy uchov\u00e1va\u0165 dlh\u0161ie.  <\/p>\n<p style=\"text-align: justify;\">Inform\u00e1cie o na\u0161ich z\u00e1kazn\u00edkoch nebudeme zverej\u0148ova\u0165 nikomu mimo spolo\u010dnosti, pokia\u013e n\u00e1m to z\u00e1kon nevy\u017eaduje alebo nepovo\u013euje.<\/p>\n<p style=\"text-align: justify;\">\u00dadaje, ktor\u00e9 n\u00e1m poskytnete, nebud\u00fa poskytnut\u00e9 ani predan\u00e9 tret\u00edm stran\u00e1m. Ak m\u00e1te podozrenie, \u017ee ich pou\u017eili tretie strany, dajte n\u00e1m vedie\u0165, aby sme mohli okolnosti pre\u0161etri\u0165. <\/p>\n<h4 style=\"text-align: justify;\"><strong>Informa\u010dn\u00e1 bezpe\u010dnos\u0165<\/strong><\/h4>\n<p style=\"text-align: justify;\">Ochranu va\u0161ich inform\u00e1ci\u00ed berieme v\u00e1\u017ene a m\u00e1me zaveden\u00e9 vhodn\u00e9 fyzick\u00e9 a technologick\u00e9 bezpe\u010dnostn\u00e9 syst\u00e9my na ich zaistenie. V\u0161etky formul\u00e1re, ktor\u00e9 zhroma\u017e\u010fuj\u00fa alebo zobrazuj\u00fa osobn\u00e9 \u00fadaje na na\u0161ej str\u00e1nke, s\u00fa chr\u00e1nen\u00e9 mechanizmom naz\u00fdvan\u00fdm Secure Socket Location (SSL). Ide o \u0161tandardn\u00fa technol\u00f3giu, ktor\u00e1 poskytuje bezpe\u010dn\u00e9 pripojenie medzi internetov\u00fdmi prehliada\u010dmi a webov\u00fdmi str\u00e1nkami a umo\u017e\u0148uje v\u00e1m pren\u00e1\u0161a\u0165 s\u00fakromn\u00e9 \u200b\u200b\u00fadaje online. Na blokovanie neopr\u00e1vnen\u00e9ho pr\u00edstupu k n\u00e1\u0161mu serveru sa pou\u017e\u00edvaj\u00fa br\u00e1ny firewall. V r\u00e1mci na\u0161ej organiz\u00e1cie obmedzujeme pr\u00edstup k osobn\u00fdm \u00fadajom. Pr\u00edstup k nim maj\u00fa iba zamestnanci, ktor\u00ed tieto inform\u00e1cie potrebuj\u00fa na vykon\u00e1vanie svojej pr\u00e1ce.     <\/p>\n<h4 style=\"text-align: justify;\"><strong>Pr\u00e1vo na pr\u00edstup<\/strong><\/h4>\n<p style=\"text-align: justify;\">M\u00e1te pr\u00e1vo na poskytnutie k\u00f3pie \u00fadajov, ktor\u00e9 o v\u00e1s uchov\u00e1vame. M\u00f4\u017eete tie\u017e po\u017eiada\u0165 o aktualiz\u00e1ciu svojich osobn\u00fdch \u00fadajov alebo n\u00e1s po\u017eiada\u0165 o ich vymazanie. Ak m\u00e1te ak\u00e9ko\u013evek ot\u00e1zky alebo obavy t\u00fdkaj\u00face sa va\u0161ich pr\u00e1v na ochranu s\u00fakromia alebo ochrany \u00fadajov, ihne\u010f n\u00e1s <a href=\"https:\/\/www.bevanslovakia.com\/sk\/kontaktuj-nas\/\">kontaktujte<\/a>.  <\/p>\n","protected":false},"excerpt":{"rendered":"<p>Z\u00e1sady ochrany osobn\u00fdch \u00fadajov T\u00fato webov\u00fa str\u00e1nku spravujeme my, spolo\u010dnos\u0165 ADVENTURE 4 LIFE s.r.o. Tieto z\u00e1sady ochrany osobn\u00fdch \u00fadajov spolu s na\u0161imi z\u00e1sadami pou\u017e\u00edvania s\u00faborov cookies vysvet\u013euj\u00fa, ako pou\u017e\u00edvame ak\u00e9ko\u013evek inform\u00e1cie, ktor\u00e9 o v\u00e1s zhroma\u017e\u010fujeme, a tvoria s\u00fa\u010das\u0165 na\u0161ich zmluvn\u00fdch podmienok. Na \u00fa\u010dely pr\u00edslu\u0161n\u00e9ho nariadenia Eur\u00f3pskeho parlamentu a Rady (E\u00da) 2016\/679, v\u0161eobecn\u00e9ho nariadenia o ochrane <\/p>\n","protected":false},"author":2,"featured_media":0,"parent":0,"menu_order":19,"comment_status":"closed","ping_status":"closed","template":"","meta":{"om_disable_all_campaigns":false,"_monsterinsights_skip_tracking":false,"_monsterinsights_sitenote_active":false,"_monsterinsights_sitenote_note":"","_monsterinsights_sitenote_category":0,"footnotes":""},"class_list":["post-2498","page","type-page","status-publish","hentry"],"_links":{"self":[{"href":"https:\/\/www.bevanslovakia.com\/sk\/wp-json\/wp\/v2\/pages\/2498","targetHints":{"allow":["GET"]}}],"collection":[{"href":"https:\/\/www.bevanslovakia.com\/sk\/wp-json\/wp\/v2\/pages"}],"about":[{"href":"https:\/\/www.bevanslovakia.com\/sk\/wp-json\/wp\/v2\/types\/page"}],"author":[{"embeddable":true,"href":"https:\/\/www.bevanslovakia.com\/sk\/wp-json\/wp\/v2\/users\/2"}],"replies":[{"embeddable":true,"href":"https:\/\/www.bevanslovakia.com\/sk\/wp-json\/wp\/v2\/comments?post=2498"}],"version-history":[{"count":1,"href":"https:\/\/www.bevanslovakia.com\/sk\/wp-json\/wp\/v2\/pages\/2498\/revisions"}],"predecessor-version":[{"id":2499,"href":"https:\/\/www.bevanslovakia.com\/sk\/wp-json\/wp\/v2\/pages\/2498\/revisions\/2499"}],"wp:attachment":[{"href":"https:\/\/www.bevanslovakia.com\/sk\/wp-json\/wp\/v2\/media?parent=2498"}],"curies":[{"name":"wp","href":"https:\/\/api.w.org\/{rel}","templated":true}]}}