{"id":2496,"date":"2019-05-22T21:01:59","date_gmt":"2019-05-22T19:01:59","guid":{"rendered":"https:\/\/www.bevanslovakia.com\/storno-podmienky\/"},"modified":"2026-04-08T11:27:18","modified_gmt":"2026-04-08T09:27:18","slug":"storno-podmienky","status":"publish","type":"page","link":"https:\/\/www.bevanslovakia.com\/sk\/storno-podmienky\/","title":{"rendered":"Storno podmienky"},"content":{"rendered":"\n<h3 style=\"text-align: center;\"><strong>Podmienky zru\u0161enia<\/strong><\/h3>\n<p style=\"text-align: justify;\">Zru\u0161enie rezerv\u00e1cie z\u00e1kazn\u00edkom kedyko\u013evek bude ma\u0165 za n\u00e1sledok prepadnutie sumy z rezerva\u010dn\u00e9ho poplatku. Toto plat\u00ed aj v pr\u00edpade, \u017ee je zvolen\u00e1 platba pri vyzdvihnut\u00ed, a v takom pr\u00edpade mus\u00ed z\u00e1kazn\u00edk posla\u0165 platbu na bankov\u00fd \u00fa\u010det spolo\u010dnosti pod\u013ea nasleduj\u00facich scen\u00e1rov: <\/p>\n<ol>\n<li style=\"text-align: justify;\">Ak Z\u00e1kazn\u00edk zru\u0161\u00ed Rezerv\u00e1ciu viac ako 14 dn\u00ed pred za\u010diatkom Rezerv\u00e1cie a menej ako 180 dn\u00ed od d\u00e1tumu platby (plat\u00ed len pre PayPal), Spolo\u010dnos\u0165 <strong>vr\u00e1ti Rezerva\u010dn\u00fd poplatok v plnej v\u00fd\u0161ke<\/strong>.<\/li>\n<li style=\"text-align: justify;\">Ak Z\u00e1kazn\u00edk zru\u0161\u00ed Rezerv\u00e1ciu viac ako 7 dn\u00ed a menej ako 14 dn\u00ed pred za\u010diatkom Rezerv\u00e1cie, Spolo\u010dnos\u0165 <strong>vr\u00e1ti 50 % z Rezerva\u010dn\u00e9ho poplatku<\/strong>.<\/li>\n<li style=\"text-align: justify;\">Ak Z\u00e1kazn\u00edk zru\u0161\u00ed Rezerv\u00e1ciu viac ako 3 dni a menej ako 7 dn\u00ed pred za\u010diatkom Rezerv\u00e1cie, Spolo\u010dnos\u0165 <strong>vr\u00e1ti 25 % z Rezerva\u010dn\u00e9ho poplatku<\/strong>.<\/li>\n<li style=\"text-align: justify;\">Ak Z\u00e1kazn\u00edk zru\u0161\u00ed Rezerv\u00e1ciu menej ako 3 dni pred za\u010diatkom Rezerva\u010dn\u00e9ho term\u00ednu, <strong>Rezerva\u010dn\u00fd poplatok sa nevracia<\/strong>.<\/li>\n<\/ol>\n<p style=\"text-align: justify;\">Pre zru\u0161enie rezerv\u00e1cie mus\u00ed z\u00e1kazn\u00edk zasla\u0165 \u017eiados\u0165 na adresu<a href=\"mailto:info@bevanslovakia.com\"> info@bevanslovakia.com<\/a>. Je d\u00f4le\u017eit\u00e9 nap\u00edsa\u0165 e-mail z rovnakej adresy, ak\u00fa uviedol v rezerv\u00e1cii. <\/p>\n<p style=\"text-align: justify;\">Za nevyu\u017eit\u00e9 dni pren\u00e1jmu sa nevracia \u017eiadna suma.<\/p>\n<p style=\"text-align: justify;\">Z\u00e1kazn\u00edk mus\u00ed informova\u0165 Spolo\u010dnos\u0165 o zru\u0161en\u00ed rezerv\u00e1cie, aj ke\u010f nie je mo\u017en\u00e9 z\u00edska\u0165 n\u00e1hradu. Ak Spolo\u010dnos\u0165 neinformuje o zru\u0161en\u00ed rezerv\u00e1cie 24 hod\u00edn pred \u010dasom vyzdvihnutia a Z\u00e1kazn\u00edk sa nedostav\u00ed v\u010das na vyzdvihnutie obytn\u00e9ho auta, Spolo\u010dnos\u0165 m\u00f4\u017ee to klasifikova\u0165 ako <strong>nedostavenie sa<\/strong>. <\/p>\n<p style=\"text-align: justify;\">Za scen\u00e1r nedostavenia sa na miesto konania sa pova\u017euje ktor\u00e1ko\u013evek z nasleduj\u00facich situ\u00e1ci\u00ed:<\/p>\n<ul>\n<li style=\"text-align: justify;\">Z\u00e1kazn\u00edk si nevyzdvihne obytn\u00fd automobil v \u010dase a d\u00e1tume uvedenom v potvrdzuj\u00facom e-maile,<\/li>\n<li style=\"text-align: justify;\">Z\u00e1kazn\u00edk nepredlo\u017e\u00ed platn\u00fa dokument\u00e1ciu potrebn\u00fa na prevzatie obytn\u00e9ho vozidla,<\/li>\n<li style=\"text-align: justify;\">Z\u00e1kazn\u00edk nezaplat\u00ed z\u00e1lohu kreditnou kartou na svoje meno a priezvisko s dostato\u010dn\u00fdm objemom finan\u010dn\u00fdch prostriedkov alebo nezaplat\u00ed z\u00e1lohu v hotovosti.<\/li>\n<\/ul>\n<p style=\"text-align: justify;\">Vo v\u0161etk\u00fdch t\u00fdchto scen\u00e1roch nedostavenia sa spolo\u010dnos\u0165 nie je povinn\u00e1 vr\u00e1ti\u0165 peniaze prijat\u00e9 od z\u00e1kazn\u00edka.<\/p>\n<p style=\"text-align: justify;\">Z\u00e1kazn\u00edk nie je opr\u00e1vnen\u00fd zru\u0161i\u0165 Rezerv\u00e1ciu, ak sa doba pren\u00e1jmu u\u017e za\u010dala.<\/p>\n<p style=\"text-align: justify;\">Spolo\u010dnos\u0165 a Z\u00e1kazn\u00edk sa dohodli, \u017ee v pr\u00edpade ak\u00e9hoko\u013evek sporu oh\u013eadom toho, \u010di bola alebo nebola poskytnut\u00e1 rezerva\u010dn\u00e1 slu\u017eba, bude ako d\u00f4kaz okrem in\u00e9ho uznan\u00e1 a akceptovan\u00e1 k\u00f3pia Rezerv\u00e1cie alebo p\u00edsomn\u00e9 potvrdenie (zaslan\u00e9 e-mailom alebo po\u0161tou).<\/p>\n<p style=\"text-align: justify;\">Ak sa automobil stane nedostupn\u00fdm pre rezerv\u00e1ciu z d\u00f4vodu mechanickej poruchy a nie je mo\u017en\u00e9 n\u00e1js\u0165 alternat\u00edvne vozidlo, rezerv\u00e1cia bude zru\u0161en\u00e1 a spolo\u010dnos\u0165 vr\u00e1ti rezerva\u010dn\u00fd poplatok v plnej v\u00fd\u0161ke.<\/p>\n<p style=\"text-align: justify;\">Ak sa po\u010das Rezerv\u00e1cie vyskytne mechanick\u00e1 porucha vozidla, ktor\u00fa nie je mo\u017en\u00e9 vyrie\u0161i\u0165 v r\u00e1mci poistenia poruchy Spolo\u010dnosti uveden\u00e9ho v \u010dl\u00e1nku 6, Spolo\u010dnos\u0165 vr\u00e1ti pomern\u00fa sumu Poplatku za rezerv\u00e1ciu za tie dni D\u00e1tumu rezerv\u00e1cie, po\u010das ktor\u00fdch nie je mo\u017en\u00e9 vozidlo pou\u017e\u00edva\u0165.<\/p>\n\n","protected":false},"excerpt":{"rendered":"","protected":false},"author":2,"featured_media":0,"parent":0,"menu_order":0,"comment_status":"closed","ping_status":"closed","template":"","meta":{"om_disable_all_campaigns":false,"_monsterinsights_skip_tracking":false,"_monsterinsights_sitenote_active":false,"_monsterinsights_sitenote_note":"","_monsterinsights_sitenote_category":0,"footnotes":""},"class_list":["post-2496","page","type-page","status-publish","hentry"],"_links":{"self":[{"href":"https:\/\/www.bevanslovakia.com\/sk\/wp-json\/wp\/v2\/pages\/2496","targetHints":{"allow":["GET"]}}],"collection":[{"href":"https:\/\/www.bevanslovakia.com\/sk\/wp-json\/wp\/v2\/pages"}],"about":[{"href":"https:\/\/www.bevanslovakia.com\/sk\/wp-json\/wp\/v2\/types\/page"}],"author":[{"embeddable":true,"href":"https:\/\/www.bevanslovakia.com\/sk\/wp-json\/wp\/v2\/users\/2"}],"replies":[{"embeddable":true,"href":"https:\/\/www.bevanslovakia.com\/sk\/wp-json\/wp\/v2\/comments?post=2496"}],"version-history":[{"count":1,"href":"https:\/\/www.bevanslovakia.com\/sk\/wp-json\/wp\/v2\/pages\/2496\/revisions"}],"predecessor-version":[{"id":2497,"href":"https:\/\/www.bevanslovakia.com\/sk\/wp-json\/wp\/v2\/pages\/2496\/revisions\/2497"}],"wp:attachment":[{"href":"https:\/\/www.bevanslovakia.com\/sk\/wp-json\/wp\/v2\/media?parent=2496"}],"curies":[{"name":"wp","href":"https:\/\/api.w.org\/{rel}","templated":true}]}}