{"id":2494,"date":"2019-05-22T22:24:51","date_gmt":"2019-05-22T20:24:51","guid":{"rendered":"https:\/\/www.bevanslovakia.com\/dakujeme\/"},"modified":"2026-04-08T11:13:33","modified_gmt":"2026-04-08T09:13:33","slug":"dakujeme","status":"publish","type":"page","link":"https:\/\/www.bevanslovakia.com\/sk\/dakujeme\/","title":{"rendered":"\u010eakujeme"},"content":{"rendered":"\n<p>\u010eakujeme za va\u0161u platbu. Va\u0161a transakcia bola dokon\u010den\u00e1 a potvrdenie o n\u00e1kupe v\u00e1m bolo odoslan\u00e9 e-mailom. Prihl\u00e1ste sa do svojho \u00fa\u010dtu PayPal a zobrazte si podrobnosti o transakcii.<\/p>\n","protected":false},"excerpt":{"rendered":"<p>\u010eakujeme za va\u0161u platbu. Va\u0161a transakcia bola dokon\u010den\u00e1 a potvrdenie o n\u00e1kupe v\u00e1m bolo odoslan\u00e9 e-mailom. Prihl\u00e1ste sa do svojho \u00fa\u010dtu PayPal a zobrazte si podrobnosti o transakcii.<\/p>\n","protected":false},"author":2,"featured_media":0,"parent":0,"menu_order":0,"comment_status":"closed","ping_status":"closed","template":"","meta":{"om_disable_all_campaigns":false,"_monsterinsights_skip_tracking":false,"_monsterinsights_sitenote_active":false,"_monsterinsights_sitenote_note":"","_monsterinsights_sitenote_category":0,"footnotes":""},"class_list":["post-2494","page","type-page","status-publish","hentry"],"_links":{"self":[{"href":"https:\/\/www.bevanslovakia.com\/sk\/wp-json\/wp\/v2\/pages\/2494","targetHints":{"allow":["GET"]}}],"collection":[{"href":"https:\/\/www.bevanslovakia.com\/sk\/wp-json\/wp\/v2\/pages"}],"about":[{"href":"https:\/\/www.bevanslovakia.com\/sk\/wp-json\/wp\/v2\/types\/page"}],"author":[{"embeddable":true,"href":"https:\/\/www.bevanslovakia.com\/sk\/wp-json\/wp\/v2\/users\/2"}],"replies":[{"embeddable":true,"href":"https:\/\/www.bevanslovakia.com\/sk\/wp-json\/wp\/v2\/comments?post=2494"}],"version-history":[{"count":1,"href":"https:\/\/www.bevanslovakia.com\/sk\/wp-json\/wp\/v2\/pages\/2494\/revisions"}],"predecessor-version":[{"id":2495,"href":"https:\/\/www.bevanslovakia.com\/sk\/wp-json\/wp\/v2\/pages\/2494\/revisions\/2495"}],"wp:attachment":[{"href":"https:\/\/www.bevanslovakia.com\/sk\/wp-json\/wp\/v2\/media?parent=2494"}],"curies":[{"name":"wp","href":"https:\/\/api.w.org\/{rel}","templated":true}]}}