{"id":2490,"date":"2013-08-11T20:13:42","date_gmt":"2013-08-11T18:13:42","guid":{"rendered":"https:\/\/www.bevanslovakia.com\/casto-kladene-otazky\/"},"modified":"2026-04-08T11:11:39","modified_gmt":"2026-04-08T09:11:39","slug":"casto-kladene-otazky","status":"publish","type":"page","link":"https:\/\/www.bevanslovakia.com\/sk\/casto-kladene-otazky\/","title":{"rendered":"\u010casto kladen\u00e9 ot\u00e1zky"},"content":{"rendered":"\n<div class=\"row\"  id=\"row-298162490\">\n\n\n\t<div id=\"col-865945593\" class=\"col small-12 large-12\"  >\n\t\t\t\t<div class=\"col-inner\"  >\n\t\t\t\n\t\t\t\n\n<div class=\"row row-large align-center\"  id=\"row-472763517\">\n\n\n\t<div id=\"col-1333153437\" class=\"col medium-9 small-12 large-9\"  >\n\t\t\t\t<div class=\"col-inner\"  >\n\t\t\t\n\t\t\t\n\n<h3 style=\"text-align: center;\">\u010casto kladen\u00e9 ot\u00e1zky<\/h3>\n<h4>Ot\u00e1zka: Je bezpe\u010dn\u00e9 cestova\u0165 v obytnom aute svojpomocne postavenom? Pre\u010do by som si mal vybra\u0165 BeVan Slovakia? <\/h4>\n<p>M\u00f4\u017eete by\u0165 bez ob\u00e1v, preto\u017ee n\u00e1\u0161 BeVan je plne certifikovan\u00fd obytn\u00fd automobil svojpomocnej stavby so v\u0161etk\u00fdmi bezpe\u010dnostn\u00fdmi kontrolami.<\/p>\n<p>Pred vyzdvihnut\u00edm vykon\u00e1vame rozsiahle kontroly, aby sme sa uistili, \u017ee v\u0161etko je bezpe\u010dn\u00e9 a funk\u010dn\u00e9, a vy si tak m\u00f4\u017eete naplno vychutna\u0165 potenci\u00e1l obytn\u00e9ho auta.<\/p>\n<p>Na\u0161e aut\u00e1 so stre\u0161n\u00fdmi stanmi s\u00fa pred ka\u017edou rezerv\u00e1ciou skontrolovan\u00e9, tak\u017ee sa o to nemus\u00edte ob\u00e1va\u0165.<\/p>\n<h4 style=\"text-align: justify;\">Ot\u00e1zka: Ko\u013eko \u013eud\u00ed m\u00f4\u017ee cestova\u0165?<\/h4>\n<p style=\"text-align: justify;\">V kab\u00edne obytn\u00e9ho auta s\u00fa 3 sedadl\u00e1 s bezpe\u010dnostn\u00fdmi p\u00e1smi a v aute so stre\u0161n\u00fdm stanom 5 sedadiel s bezpe\u010dnostn\u00fdmi p\u00e1smi.<\/p>\n<h4 style=\"text-align: justify;\">Ot\u00e1zka: Ak\u00e1 ve\u013ek\u00e1 je poste\u013e?<\/h4>\n<p style=\"text-align: justify;\">K dispoz\u00edcii je eur\u00f3pska man\u017eelsk\u00e1 poste\u013e s rozmermi 140\u00d7200 cm s dostatkom priestoru na natiahnutie n\u00f4h.<\/p>\n<h4 style=\"text-align: justify;\">Ot\u00e1zka: M\u00f4\u017eete mi pristavi\u0165 dod\u00e1vku?<\/h4>\n<p style=\"text-align: justify;\">Radi sa s vami stretneme na na\u0161ich miestach vyzdvihnutia\/odovzdania: N\u00e1kupn\u00e9 centrum Avion Shopping Park Bratislava alebo najbli\u017e\u0161ie parkovisko pri letisku v Bratislave (BTS), \u017eelezni\u010dn\u00e1 stanica Bratislava Petr\u017ealka alebo na adrese Rajka (Ma\u010farsko), kde m\u00f4\u017eete bezpe\u010dne necha\u0165 svoje auto a ktor\u00e1 je dostupn\u00e1 vlakom alebo autobusom z Bratislavy.<\/p>\n<h4 style=\"text-align: justify;\">Ot\u00e1zka: M\u00f4\u017ee so mnou cestova\u0165 die\u0165a?<\/h4>\n<p style=\"text-align: justify;\">\u00c1no, pon\u00fakame aj detsk\u00fa seda\u010dku za pr\u00edplatok, ktor\u00fa je mo\u017en\u00e9 zak\u00fapi\u0165 pri rezerv\u00e1cii.<\/p>\n<h4 style=\"text-align: justify;\">Ot\u00e1zka: M\u00e1te postie\u013eky vhodn\u00e9 pre b\u00e1b\u00e4tk\u00e1\/deti?<\/h4>\n<p style=\"text-align: justify;\">Bohu\u017eia\u013e nie. Ver\u00edme, \u017ee ve\u013ekos\u0165 eur\u00f3pskej man\u017eelskej postele sa zmest\u00ed pre 2 dospel\u00fdch a 1 die\u0165a, ak chcete. <\/p>\n<h4>Ot\u00e1zka: Mus\u00edm zaplati\u0165 pln\u00fa cenu za rezerv\u00e1ciu? \u010co ak nem\u00e1m PayPal? <\/h4>\n<p>Pon\u00fakame transparentn\u00fa a bezpe\u010dn\u00fa platbu, preto v\u00e1s \u017eiadame, aby ste pri rezerv\u00e1cii zaplatili pln\u00fa cenu vopred.<\/p>\n<p>Ak nem\u00e1te PayPal, st\u00e1le m\u00f4\u017eete bez probl\u00e9mov plati\u0165 akouko\u013evek debetnou alebo kreditnou kartou pri pokladni alebo pou\u017ei\u0165 bankov\u00fd prevod.<\/p>\n<p>V de\u0148 vyzdvihnutia s\u00fa mo\u017en\u00e9 aj in\u00e9 mo\u017enosti platby, pre viac inform\u00e1ci\u00ed n\u00e1s pros\u00edm <a href=\"https:\/\/www.bevanslovakia.com\/sk\/kontaktuj-nas\/\">kontaktujte<\/a>.<\/p>\n<h4 style=\"text-align: justify;\">Ot\u00e1zka: \u010co ak sa moje pl\u00e1ny zmenia? M\u00f4\u017eem zru\u0161i\u0165 rezerv\u00e1ciu? <\/h4>\n<p>Ak potrebujete zru\u0161i\u0165 svoju rezerv\u00e1ciu, <a href=\"https:\/\/www.bevanslovakia.com\/sk\/kontaktuj-nas\/\">kontaktujte n\u00e1s<\/a>.<\/p>\n<p>Ak zru\u0161\u00edte rezerv\u00e1ciu viac ako 14 dn\u00ed pred d\u00e1tumom rezerv\u00e1cie a menej ako 180 dn\u00ed od d\u00e1tumu platby (plat\u00ed len pre PayPal), vr\u00e1time v\u00e1m 100 % z ceny. Viac inform\u00e1ci\u00ed n\u00e1jdete v na\u0161ich <a href=\"https:\/\/www.bevanslovakia.com\/cancellation-policy\/\">Storno podmienkach<\/a>. <\/p>\n<h4 style=\"text-align: justify;\">Ot\u00e1zka: M\u00e1te elektrick\u00fa pr\u00edpojku?<\/h4>\n<p style=\"text-align: justify;\">Nie, nemus\u00edte by\u0165 pripojen\u00ed k elektrine. Sol\u00e1rny panel na streche karavanu to urob\u00ed za v\u00e1s. K dispoz\u00edcii je aj jedna 240V z\u00e1suvka, tak\u017ee si m\u00f4\u017eete jednoducho nabi\u0165 bat\u00e9rie fotoapar\u00e1tu alebo notebooku. V pr\u00edpade potreby je s\u00fa\u010das\u0165ou balenia aj britsk\u00fd adapt\u00e9r. (Tento je k dispoz\u00edcii iba v karavane. Aut\u00e1 s\u00fa vybaven\u00e9 iba 12V z\u00e1suvkami.)    <\/p>\n<h4 style=\"text-align: justify;\">Ot\u00e1zka: Mus\u00edm si prinies\u0165 poste\u013en\u00fa bielize\u0148?<\/h4>\n<p style=\"text-align: justify;\">Nie. V\u0161etky na\u0161e verzie s\u00fa dod\u00e1van\u00e9 s plnou v\u00fdbavou a zadarmo. <\/p>\n<h4 style=\"text-align: justify;\">Ot\u00e1zka: M\u00f4\u017eem si so sebou vzia\u0165 dom\u00e1ceho mil\u00e1\u010dika?<\/h4>\n<p style=\"text-align: justify;\">V karavane\/aute so stanom alebo v stane bohu\u017eia\u013e nie je povolen\u00fd pobyt dom\u00e1cich zvierat.<\/p>\n<h4 style=\"text-align: justify;\">Ot\u00e1zka: M\u00f4\u017eem si na festival vzia\u0165 obytn\u00fd automobil \/ auto so stanom \/ stanom?<\/h4>\n<p>Je n\u00e1m \u013e\u00fato, ale kv\u00f4li na\u0161im zl\u00fdm sk\u00fasenostiam to nie je povolen\u00e9.<\/p>\n<h4 style=\"text-align: justify;\">Ot\u00e1zka: Je tam toaleta a sprcha?<\/h4>\n<p style=\"text-align: justify;\">\u00c1no, v cene v\u0161etk\u00fdch rezerv\u00e1ci\u00ed je zahrnut\u00e1 12V elektrick\u00e1 studen\u00e1 sprcha a prenosn\u00e9 WC (toaleta je k dispoz\u00edcii iba pre karavany).<\/p>\n<h4 style=\"text-align: justify;\">Ot\u00e1zka: Existuje obmedzenie po\u010dtu najazden\u00fdch kilometrov?<\/h4>\n<p style=\"text-align: justify;\">Nikto nechce by\u0165 obmedzen\u00fd, preto m\u00f4\u017eete cestova\u0165 to\u013eko, ko\u013eko chcete.<\/p>\n<h4 style=\"text-align: justify;\">Ot\u00e1zka: V ktor\u00fdch krajin\u00e1ch m\u00f4\u017eem pou\u017e\u00edva\u0165 vozidl\u00e1?<\/h4>\n<p>Obytn\u00e9 vozidl\u00e1 alebo aut\u00e1 so stanom je mo\u017en\u00e9 jazdi\u0165 iba v r\u00e1mci kraj\u00edn Eur\u00f3pskej \u00fanie z d\u00f4vodu poistnej zmluvy.<\/p>\n<p>Krajiny, ktor\u00e9 nie s\u00fa povolen\u00e9 a s\u00fa vyl\u00fa\u010den\u00e9 z poistn\u00e9ho krytia, s\u00fa:<\/p>\n<p>Ukrajina, Moldavsko, Rumunsko, Srbsko, Alb\u00e1nsko, Kosovo, Severn\u00e9 Maced\u00f3nsko, Bulharsko, Gr\u00e9cko, Bosna a Hercegovina, \u010cierna Hora, Turecko, Spojen\u00e9 kr\u00e1\u013eovstvo, \u00cdrsko, N\u00f3rsko, F\u00ednsko, \u0160v\u00e9dsko, Litva, Loty\u0161sko, Est\u00f3nsko.<\/p>\n<p>Ak sa vo vy\u0161\u0161ie uveden\u00fdch krajin\u00e1ch vyskytne mechanick\u00e1 porucha alebo ak\u00e1ko\u013evek in\u00e1 nehoda, z\u00e1kazn\u00edk je plne zodpovedn\u00fd za vzniknut\u00e9 n\u00e1klady. <\/p>\n<p>Pre vyl\u00fa\u010den\u00e9 lokality je mo\u017en\u00e9 zabezpe\u010di\u0165 dodato\u010dn\u00e9 poistenie v pr\u00edpade poruchy, pre viac inform\u00e1ci\u00ed n\u00e1s pros\u00edm <a href=\"https:\/\/www.bevanslovakia.com\/sk\/kontaktuj-nas\/\">kontaktujte<\/a>.<\/p>\n<p>Upozor\u0148ujeme, \u017ee za dia\u013enice mimo Slovenska mus\u00edte plati\u0165. M\u00fdto na slovensk\u00fdch dia\u013eniciach je u\u017e uhraden\u00e9. <\/p>\n<h4 style=\"text-align: justify;\">Ot\u00e1zka: Plat\u00ed sa palivov\u00fd poplatok?<\/h4>\n<p style=\"text-align: justify;\">Nie. Obytn\u00fd karavan \/ auto so stanom si vyzdvihnete s plnou n\u00e1dr\u017eou (DIESEL) a rovnakou cestou ho s plnou n\u00e1dr\u017eou prinesiete sp\u00e4\u0165. Ak ho s plnou n\u00e1dr\u017eou neprinesiete sp\u00e4\u0165, budeme v\u00e1m musie\u0165 \u00fa\u010dtova\u0165 poplatok.  <\/p>\n<h4 style=\"text-align: justify;\">Ot\u00e1zka: Mus\u00edm \u010disti\u0165 obytn\u00fd karavan \/ auto so stanom?<\/h4>\n<p style=\"text-align: justify;\">Ocen\u00edme aspo\u0148 z\u00e1kladn\u00e9 \u010distenie \u010distiacimi prostriedkami, ktor\u00e9 dod\u00e1vame. Vozidlo v\u00e1m vy\u010dist\u00edme a radi by sme v\u00e1m ho vr\u00e1tili v \u010do najbli\u017e\u0161om stave. <\/p>\n<h4 style=\"text-align: justify;\">Ot\u00e1zka: \u010co si m\u00e1m zbali\u0165?<\/h4>\n<p style=\"text-align: justify;\">Obytn\u00fd karavan \/ auto so stanom je vybaven\u00fd v\u0161etk\u00fdm kuchynsk\u00fdm riadom, k\u00faren\u00edm (iba v obytnom karavane) a poste\u013enou bieliz\u0148ou.  <\/p>\n<h4 style=\"text-align: justify;\">Ot\u00e1zka: Ako zist\u00edm, \u017ee moja rezerv\u00e1cia bola spracovan\u00e1?<\/h4>\n<p style=\"text-align: justify;\">Po zaplaten\u00ed rezerv\u00e1cie v\u00e1m bude zaslan\u00fd potvrdzovac\u00ed e-mail na va\u0161u e-mailov\u00fa adresu uveden\u00fa pri rezerv\u00e1cii. Ak ste nedostali potvrdzovac\u00ed e-mail do svojej schr\u00e1nky, skontrolujte si, pros\u00edm, spamov\u00e9 e-maily.<br>Ak tento e-mail nedostanete do 1 d\u0148a od rezerv\u00e1cie, kontaktujte n\u00e1s, pros\u00edm, e-mailom na info@bevanslovakia.com alebo n\u00e1m zavolajte priamo na \u010d\u00edslo na\u0161ej kancel\u00e1rie +421950498461. <\/p>\n<h4 style=\"text-align: justify;\">Ot\u00e1zka: Ak\u00e9 dokumenty si mus\u00edm prinies\u0165 so sebou, ke\u010f si vyzdvihnem obytn\u00fd automobil \/ auto so stanom \/ stan?<\/h4>\n<p style=\"text-align: justify;\">Rezerv\u00e1ciu je potrebn\u00e9 vykona\u0165 na na\u0161ej webovej str\u00e1nke www.bevanslovakia.com a na online platbu potrebujete iba kreditn\u00fa, debetn\u00fa kartu alebo zvoli\u0165 platbu na mieste. Pri vyzdvihnut\u00ed vozidla budete potrebova\u0165: <\/p>\n<ul style=\"text-align: justify;\">\n<li> K\u00f3piu e-mailu s potvrden\u00edm rezerv\u00e1cie.<\/li>\n<li>Kreditn\u00e1 karta hlavn\u00e9ho vodi\u010da (neprij\u00edmame debetn\u00e9 karty) s dostato\u010dn\u00fdm mno\u017estvom finan\u010dn\u00fdch prostriedkov na z\u00e1lohu alebo z\u00e1loha v hotovosti.<\/li>\n<li>Ak potrebujete \u010fal\u0161ieho vodi\u010da, potrebujeme ma\u0165 k dispoz\u00edcii jeho platn\u00fd vodi\u010dsk\u00fd preukaz.<\/li>\n<li>V\u00e1\u0161 pas alebo ob\u010diansky preukaz na vyhotovenie fotok\u00f3pie.<\/li>\n<\/ul>\n<h4 style=\"text-align: justify;\">Ot\u00e1zka: Je za karavan \/ auto so stre\u0161n\u00fdm stanom \/ stan vy\u017eadovan\u00e1 kaucia?<\/h4>\n<p style=\"text-align: justify;\">\u00c1no, v de\u0148 vyzdvihnutia je potrebn\u00e9 zaplati\u0165 z\u00e1lohu vo v\u00fd\u0161ke 1000 EUR za obytn\u00fd automobil, 500 EUR za auto so stanom a 300 EUR za stan v hotovosti alebo kreditnou kartou hlavn\u00e9ho vodi\u010da.<\/p>\n<h4 style=\"text-align: justify;\">Ot\u00e1zka: Ko\u013eko rokov mus\u00edm ma\u0165 na pren\u00e1jom obytn\u00e9ho auta \/ auta so stanom?<\/h4>\n<p style=\"text-align: justify;\">Mus\u00edte ma\u0165 viac ako 18 rokov a vodi\u010dsk\u00fd preukaz platn\u00fd minim\u00e1lne 24 mesiacov.<\/p>\n<h4 style=\"text-align: justify;\">Ot\u00e1zka: \u010co je zahrnut\u00e9 v cene?<\/h4>\n<p style=\"text-align: justify;\">Kone\u010dn\u00e1 cena pren\u00e1jmu sa vypo\u010d\u00edta na z\u00e1klade v\u00e1\u0161ho v\u00fdberu obytn\u00e9ho auta \/ auta so stanom \/ stanu so \u0161pecifick\u00fdm vybaven\u00edm v z\u00e1vislosti od ich dostupnosti. Cena rezerv\u00e1cie sa vypo\u010d\u00edta aj na z\u00e1klade d\u013a\u017eky rezerv\u00e1cie.<br>Ako je pop\u00edsan\u00e9 v zmluvn\u00fdch podmienkach, z\u00e1loha bude strhnut\u00e1 z kreditnej karty hlavn\u00e9ho vodi\u010da alebo v hotovosti v de\u0148 za\u010diatku rezerv\u00e1cie. Viac inform\u00e1ci\u00ed n\u00e1jdete v na\u0161ich <a href=\"https:\/\/www.bevanslovakia.com\/terms-and-conditions\/\">zmluvn\u00fdch podmienkach<\/a>.  <\/p>\n<h4 style=\"text-align: justify;\">Ot\u00e1zka: \u010co ak naraz\u00edm alebo nie\u010do po\u0161kod\u00edm?<\/h4>\n<p style=\"text-align: justify;\">V pr\u00edpade ak\u00e9hoko\u013evek po\u0161kodenia vozidla bude vodi\u010d zodpovedn\u00fd za poistn\u00fa spolu\u00fa\u010das\u0165. V\u0161etko nad t\u00fato sumu je kryt\u00e9 poisten\u00edm, v ktorom je mo\u017en\u00e9 uplatni\u0165 si n\u00e1rok. Vodi\u010d je zodpovedn\u00fd za z\u00edskanie kontaktn\u00fdch \u00fadajov v\u0161etk\u00fdch z\u00fa\u010dastnen\u00fdch tret\u00edch str\u00e1n.<br>Samozrejme, d\u00fafame, \u017ee sa o n\u00e1\u0161 obytn\u00fd automobil \/ auto so stanom \/ stan postar\u00e1te. Men\u0161ie po\u0161kodenie pravdepodobne prehliadneme, ale dajte n\u00e1m, pros\u00edm, vedie\u0165! Vyhradzujeme si pr\u00e1vo \u00fa\u010dtova\u0165 v\u00e1m poplatok za po\u0161kodenie interi\u00e9ru alebo exteri\u00e9ru, zariaden\u00ed a pr\u00edslu\u0161enstva.<br>V pr\u00edpade, \u017ee v \u010dase vzniku po\u0161kodenia vozidlo ne\u0161of\u00e9roval \u017eiadny vodi\u010d, bude za vozidlo v tom \u010dase zodpovedn\u00fd hlavn\u00fd vodi\u010d.    <\/p>\n<h4 style=\"text-align: justify;\">Ot\u00e1zka: M\u00f4\u017eem si rezervova\u0165 obytn\u00fd karavan \/ auto so stanom \/ stan pre niekoho in\u00e9ho?<\/h4>\n<p style=\"text-align: justify;\">\u00c1no, pokia\u013e sp\u013a\u0148aj\u00fa stanoven\u00e9 po\u017eiadavky. Sta\u010d\u00ed vyplni\u0165 ich \u00fadaje pri online rezerv\u00e1cii. <\/p>\n\n\t\t<\/div>\n\t\t\t\t\t<\/div>\n\n\t\n\n<\/div>\n\n\t\t<\/div>\n\t\t\t\t\t<\/div>\n\n\t\n\n<\/div>\n\n","protected":false},"excerpt":{"rendered":"","protected":false},"author":2,"featured_media":0,"parent":0,"menu_order":0,"comment_status":"closed","ping_status":"closed","template":"","meta":{"om_disable_all_campaigns":false,"_monsterinsights_skip_tracking":false,"_monsterinsights_sitenote_active":false,"_monsterinsights_sitenote_note":"","_monsterinsights_sitenote_category":0,"footnotes":""},"class_list":["post-2490","page","type-page","status-publish","hentry"],"_links":{"self":[{"href":"https:\/\/www.bevanslovakia.com\/sk\/wp-json\/wp\/v2\/pages\/2490","targetHints":{"allow":["GET"]}}],"collection":[{"href":"https:\/\/www.bevanslovakia.com\/sk\/wp-json\/wp\/v2\/pages"}],"about":[{"href":"https:\/\/www.bevanslovakia.com\/sk\/wp-json\/wp\/v2\/types\/page"}],"author":[{"embeddable":true,"href":"https:\/\/www.bevanslovakia.com\/sk\/wp-json\/wp\/v2\/users\/2"}],"replies":[{"embeddable":true,"href":"https:\/\/www.bevanslovakia.com\/sk\/wp-json\/wp\/v2\/comments?post=2490"}],"version-history":[{"count":1,"href":"https:\/\/www.bevanslovakia.com\/sk\/wp-json\/wp\/v2\/pages\/2490\/revisions"}],"predecessor-version":[{"id":2491,"href":"https:\/\/www.bevanslovakia.com\/sk\/wp-json\/wp\/v2\/pages\/2490\/revisions\/2491"}],"wp:attachment":[{"href":"https:\/\/www.bevanslovakia.com\/sk\/wp-json\/wp\/v2\/media?parent=2490"}],"curies":[{"name":"wp","href":"https:\/\/api.w.org\/{rel}","templated":true}]}}