{"id":2454,"date":"2015-11-17T20:28:02","date_gmt":"2015-11-17T19:28:02","guid":{"rendered":"https:\/\/www.bevanslovakia.com\/rezervacia\/"},"modified":"2015-11-17T20:28:02","modified_gmt":"2015-11-17T19:28:02","slug":"rezervacia","status":"publish","type":"page","link":"https:\/\/www.bevanslovakia.com\/sk\/rezervacia\/","title":{"rendered":"Rezerv\u00e1cia"},"content":{"rendered":"<p>U\u017e \u010doskoro&#8230;<\/p>\n","protected":false},"excerpt":{"rendered":"<p>U\u017e \u010doskoro&#8230;<\/p>\n","protected":false},"author":2,"featured_media":0,"parent":0,"menu_order":5,"comment_status":"closed","ping_status":"closed","template":"","meta":{"om_disable_all_campaigns":false,"_monsterinsights_skip_tracking":false,"_monsterinsights_sitenote_active":false,"_monsterinsights_sitenote_note":"","_monsterinsights_sitenote_category":0,"footnotes":""},"class_list":["post-2454","page","type-page","status-publish","hentry"],"_links":{"self":[{"href":"https:\/\/www.bevanslovakia.com\/sk\/wp-json\/wp\/v2\/pages\/2454","targetHints":{"allow":["GET"]}}],"collection":[{"href":"https:\/\/www.bevanslovakia.com\/sk\/wp-json\/wp\/v2\/pages"}],"about":[{"href":"https:\/\/www.bevanslovakia.com\/sk\/wp-json\/wp\/v2\/types\/page"}],"author":[{"embeddable":true,"href":"https:\/\/www.bevanslovakia.com\/sk\/wp-json\/wp\/v2\/users\/2"}],"replies":[{"embeddable":true,"href":"https:\/\/www.bevanslovakia.com\/sk\/wp-json\/wp\/v2\/comments?post=2454"}],"version-history":[{"count":0,"href":"https:\/\/www.bevanslovakia.com\/sk\/wp-json\/wp\/v2\/pages\/2454\/revisions"}],"wp:attachment":[{"href":"https:\/\/www.bevanslovakia.com\/sk\/wp-json\/wp\/v2\/media?parent=2454"}],"curies":[{"name":"wp","href":"https:\/\/api.w.org\/{rel}","templated":true}]}}