{"id":2394,"date":"2015-11-19T10:40:52","date_gmt":"2015-11-19T09:40:52","guid":{"rendered":"https:\/\/www.bevanslovakia.com\/moj-ucet\/"},"modified":"2026-03-10T08:03:53","modified_gmt":"2026-03-10T07:03:53","slug":"moj-ucet","status":"publish","type":"page","link":"https:\/\/www.bevanslovakia.com\/sk\/moj-ucet\/","title":{"rendered":"M\u00f4j \u00fa\u010det"},"content":{"rendered":"\n<div class=\"woocommerce\"><\/div>\n","protected":false},"excerpt":{"rendered":"","protected":false},"author":2,"featured_media":0,"parent":0,"menu_order":0,"comment_status":"closed","ping_status":"closed","template":"","meta":{"om_disable_all_campaigns":false,"_monsterinsights_skip_tracking":false,"_monsterinsights_sitenote_active":false,"_monsterinsights_sitenote_note":"","_monsterinsights_sitenote_category":0,"footnotes":""},"class_list":["post-2394","page","type-page","status-publish","hentry"],"_links":{"self":[{"href":"https:\/\/www.bevanslovakia.com\/sk\/wp-json\/wp\/v2\/pages\/2394","targetHints":{"allow":["GET"]}}],"collection":[{"href":"https:\/\/www.bevanslovakia.com\/sk\/wp-json\/wp\/v2\/pages"}],"about":[{"href":"https:\/\/www.bevanslovakia.com\/sk\/wp-json\/wp\/v2\/types\/page"}],"author":[{"embeddable":true,"href":"https:\/\/www.bevanslovakia.com\/sk\/wp-json\/wp\/v2\/users\/2"}],"replies":[{"embeddable":true,"href":"https:\/\/www.bevanslovakia.com\/sk\/wp-json\/wp\/v2\/comments?post=2394"}],"version-history":[{"count":2,"href":"https:\/\/www.bevanslovakia.com\/sk\/wp-json\/wp\/v2\/pages\/2394\/revisions"}],"predecessor-version":[{"id":2399,"href":"https:\/\/www.bevanslovakia.com\/sk\/wp-json\/wp\/v2\/pages\/2394\/revisions\/2399"}],"wp:attachment":[{"href":"https:\/\/www.bevanslovakia.com\/sk\/wp-json\/wp\/v2\/media?parent=2394"}],"curies":[{"name":"wp","href":"https:\/\/api.w.org\/{rel}","templated":true}]}}