{"id":2425,"date":"2023-05-10T16:43:38","date_gmt":"2023-05-10T14:43:38","guid":{"rendered":"https:\/\/www.bevanslovakia.com\/shop\/4x4-auto-mit-dachzelt-in-der-slowakei-mieten-abenteuerreisen\/"},"modified":"2026-03-18T21:14:52","modified_gmt":"2026-03-18T20:14:52","slug":"4x4-auto-mit-dachzelt-in-der-slowakei-mieten-abenteuerreisen","status":"publish","type":"product","link":"https:\/\/www.bevanslovakia.com\/de\/shop\/4x4-auto-mit-dachzelt-in-der-slowakei-mieten-abenteuerreisen\/","title":{"rendered":"4&#215;4-Auto mit Dachzelt in der Slowakei mieten \u2013 Abenteuerreisen"},"content":{"rendered":"<p data-start=\"376\" data-end=\"648\">Starten Sie Ihr Abenteuer mit einem voll ausgestatteten Gel\u00e4ndewagen mit Dachzelt in der Slowakei. Unser Nissan X-Trail mit TripLand-Dachzelt ist ideal f\u00fcr Campingausfl\u00fcge, Offroad-Touren und Roadtrips durch die Slowakei und Europa \u2013 mit unbegrenzten Kilometern und ohne Hotelbeschr\u00e4nkungen. <\/p>\n<h4><strong>Das ultimative 4&#215;4-Paket erwartet Sie! Der Nissan X-Trail 4&#215;4 mit TripLand-Dachzelt ist die perfekte Wahl. <\/strong><\/h4>\n<p>Diese einzigartige Kombination aus Allradfahrzeug und Dachzelt bietet Ihnen dank der h\u00f6heren Bodenfreiheit mehr M\u00f6glichkeiten sowohl auf als auch abseits der Stra\u00dfe als ein normales Auto.<\/p>\n<p>Der Nissan X-Trail in Kombination mit dem TripLand Dachzelt bietet die beste L\u00f6sung von <a href=\"https:\/\/www.bevanslovakia.com\/shop\/classic-bevan\/\">BeVan<\/a>, allerdings mit Blick auf den Offroad-Einsatz.<\/p>\n<p>Sie profitieren von einem sehr komfortablen TripLand-Dachzelt mit Memory-Schaum-Matratze in der Gr\u00f6\u00dfe 140x200cm, USB-Deckenleuchte und Aluminiumleiter.<\/p>\n<p>Hier finden Sie Folgendes:<\/p>\n<p>-2x warme Schlafs\u00e4cke, 2x Kissen und Bettdecken, Toilettenartikel, 10 + 25 L Trinkwasser (insgesamt 35 L), Solar- + 12V-Dusche, Duschzelt, K\u00fcchenutensilien, Einzelgaskocher (2 Gasflaschen sind kostenlos enthalten), 12V-K\u00fchlschrank, Klapptisch mit 2x Campingst\u00fchlen, 20.000 mAh Powerbank, Bluetooth-Lautsprecher, Garmin-Navigationsger\u00e4t, Ladekabel f\u00fcr Handys und viele weitere Dinge, von denen wir wissen, dass Sie sie brauchen k\u00f6nnten.<\/p>\n<p>Au\u00dferdem k\u00f6nnen Sie als Geschenk von uns einen preisgekr\u00f6nten lokalen Wein des Weinguts <a href=\"https:\/\/www.baynach.sk\/en\/page\/home\" target=\"_blank\" rel=\"noopener\">Baynach<\/a> genie\u00dfen und so die <a href=\"https:\/\/slovakia.travel\/en\" target=\"_blank\" rel=\"noopener\">Slowakei <\/a>kennenlernen.<\/p>\n<p>Das TripLand-Dachzelt bietet Platz f\u00fcr 2 Erwachsene und 1 Kind. F\u00fcr Familien mit 4 Personen kann zus\u00e4tzlich ein 2-Personen-Zelt mit Schlafs\u00e4cken und Isomatten f\u00fcr mehr Komfort erworben werden. <\/p>\n<p>Bereit f\u00fcr dein n\u00e4chstes unbekanntes Reiseziel?<\/p>\n<p><strong>Preisliste<\/strong><\/p>\n<p>Mindestens 3 Tage: 59 Euro \/ Tag<\/p>\n<p><strong>15 % Rabatt bei Buchung von 7 Tagen oder mehr.<\/strong><\/p>\n<p>Kaution: 500 Euro (Kreditkarte oder Bargeld)<\/p>\n<p>Sie k\u00f6nnen aus 5 Abhol-\/Abgabepunkten w\u00e4hlen:<\/p>\n<ol>\n<li>Bratislava Avion Shopping Park oder n\u00e4chstgelegener Parkplatz zum Flughafen Bratislava (BTS),<\/li>\n<li>Bahnhof Bratislava Petrzalka (Z\u00fcge aus \u00d6sterreich\/Ungarn),<\/li>\n<li>Bahnhof Bratislava Nove Mesto (Z\u00fcge und Nahverkehr ab Hauptbahnhof Bratislava),<\/li>\n<li>Bratislava Einsteinova OMV Tankstelle Richtung Zilina (Busse vom Flughafen Schwechat kommend),<\/li>\n<li>Adresse in Rajka (Ungarn), wo Sie Ihr Auto sicher abstellen k\u00f6nnen; erreichbar mit Zug oder Bus von Bratislava aus.<\/li>\n<\/ol>\n","protected":false},"excerpt":{"rendered":"<p data-start=\"376\" data-end=\"648\">Starten Sie Ihr Abenteuer mit einem voll ausgestatteten Gel\u00e4ndewagen mit Dachzelt in der Slowakei. Unser Nissan X-Trail mit TripLand-Dachzelt ist ideal f\u00fcr Campingausfl\u00fcge, Offroad-Touren und Roadtrips durch die Slowakei und Europa \u2013 mit unbegrenzten Kilometern und ohne Hotelbeschr\u00e4nkungen. <\/p>\n<h4><strong>Das ultimative 4&#215;4-Paket erwartet Sie! Der Nissan X-Trail 4&#215;4 mit TripLand-Dachzelt ist die perfekte Wahl. <\/strong><\/h4>\n<p>Diese einzigartige Kombination aus Allradfahrzeug und Dachzelt bietet Ihnen dank der h\u00f6heren Bodenfreiheit mehr M\u00f6glichkeiten sowohl auf als auch abseits der Stra\u00dfe als ein normales Auto.<\/p>\n<p>Der Nissan X-Trail in Kombination mit dem TripLand Dachzelt bietet die beste L\u00f6sung von <a href=\"https:\/\/www.bevanslovakia.com\/shop\/classic-bevan\/\">BeVan<\/a>, allerdings mit Blick auf den Offroad-Einsatz.<\/p>\n<p>Sie profitieren von einem sehr komfortablen TripLand-Dachzelt mit Memory-Schaum-Matratze in der Gr\u00f6\u00dfe 140x200cm, USB-Deckenleuchte und Aluminiumleiter.<\/p>\n<p>Hier finden Sie Folgendes:<\/p>\n<p>-2x warme Schlafs\u00e4cke, 2x Kissen und Bettdecken, Toilettenartikel, 10 + 25 L Trinkwasser (insgesamt 35 L), Solar- + 12V-Dusche, Duschzelt, K\u00fcchenutensilien, Einzelgaskocher (2 Gasflaschen sind kostenlos enthalten), 12V-K\u00fchlschrank, Klapptisch mit 2x Campingst\u00fchlen, 20.000 mAh Powerbank, Bluetooth-Lautsprecher, Garmin-Navigationsger\u00e4t, Ladekabel f\u00fcr Handys und viele weitere Dinge, von denen wir wissen, dass Sie sie brauchen k\u00f6nnten.<\/p>\n<p>Au\u00dferdem k\u00f6nnen Sie als Geschenk von uns einen preisgekr\u00f6nten lokalen Wein des Weinguts <a href=\"https:\/\/www.baynach.sk\/en\/page\/home\">Baynach<\/a> genie\u00dfen und so die <a href=\"https:\/\/slovakia.travel\/en\">Slowakei <\/a>kennenlernen.<\/p>\n<p>Das TripLand-Dachzelt bietet Platz f\u00fcr 2 Erwachsene und 1 Kind. F\u00fcr Familien mit 4 Personen kann zus\u00e4tzlich ein 2-Personen-Zelt mit Schlafs\u00e4cken und Isomatten f\u00fcr mehr Komfort erworben werden. <\/p>\n<p>Bereit f\u00fcr dein n\u00e4chstes unbekanntes Reiseziel?<\/p>\n<p><strong>Preisliste<\/strong><\/p>\n<p>Mindestens 3 Tage: 59 Euro \/ Tag<\/p>\n<p><strong>15% Rabatt bei Buchung von 7+ Tagen.<\/strong><\/p>\n<p>Kaution: 500 Euro (Kreditkarte oder Bargeld)Security deposit: 500 Euro<\/p>\n<p>Sie k\u00f6nnen aus 5 Abhol-\/Abgabepunkten w\u00e4hlen:<\/p>\n<ol>\n<li>Bratislava Avion Shopping Park oder n\u00e4chstgelegener Parkplatz zum Flughafen Bratislava (BTS),<\/li>\n<li>Bahnhof Bratislava Petrzalka (Z\u00fcge aus \u00d6sterreich\/Ungarn),<\/li>\n<li>Bahnhof Bratislava Nove Mesto (Z\u00fcge und Nahverkehr ab Hauptbahnhof Bratislava),<\/li>\n<li>Bratislava Einsteinova OMV Tankstelle Richtung Zilina (Busse vom Flughafen Schwechat kommend),<\/li>\n<li>Adresse in Rajka (Ungarn), wo Sie Ihr Auto sicher abstellen k\u00f6nnen; erreichbar mit Zug oder Bus von Bratislava aus.<\/li>\n<\/ol>\n","protected":false},"featured_media":2360,"template":"","meta":{"om_disable_all_campaigns":false,"_monsterinsights_skip_tracking":false,"_monsterinsights_sitenote_active":false,"_monsterinsights_sitenote_note":"","_monsterinsights_sitenote_category":0},"product_brand":[],"product_cat":[510],"product_tag":[518,519,517,512,513,515,593,514,516],"class_list":{"0":"post-2425","1":"product","2":"type-product","3":"status-publish","4":"has-post-thumbnail","6":"product_cat-auto-mit-dachzelt-dachzelt","7":"product_tag-4x4-dachzelt-mietwagen-in-der-slowakei","8":"product_tag-4x4-mietwagen-mit-dachzelt-von-tripland","9":"product_tag-auto-mit-dachzelt","10":"product_tag-auto-mit-zelt","11":"product_tag-dachzelt-mit-auto","12":"product_tag-gelandewagen-mit-dachzelt","13":"product_tag-gelandewagen-mit-zelt-2","14":"product_tag-gelandewagen-mit-zelt","15":"product_tag-stressiger-stan","16":"product_shipping_class-kostenloser-versand","18":"first","19":"instock","20":"shipping-taxable","21":"product-type-redq_rental"},"_links":{"self":[{"href":"https:\/\/www.bevanslovakia.com\/de\/wp-json\/wp\/v2\/product\/2425","targetHints":{"allow":["GET"]}}],"collection":[{"href":"https:\/\/www.bevanslovakia.com\/de\/wp-json\/wp\/v2\/product"}],"about":[{"href":"https:\/\/www.bevanslovakia.com\/de\/wp-json\/wp\/v2\/types\/product"}],"wp:featuredmedia":[{"embeddable":true,"href":"https:\/\/www.bevanslovakia.com\/de\/wp-json\/wp\/v2\/media\/2360"}],"wp:attachment":[{"href":"https:\/\/www.bevanslovakia.com\/de\/wp-json\/wp\/v2\/media?parent=2425"}],"wp:term":[{"taxonomy":"product_brand","embeddable":true,"href":"https:\/\/www.bevanslovakia.com\/de\/wp-json\/wp\/v2\/product_brand?post=2425"},{"taxonomy":"product_cat","embeddable":true,"href":"https:\/\/www.bevanslovakia.com\/de\/wp-json\/wp\/v2\/product_cat?post=2425"},{"taxonomy":"product_tag","embeddable":true,"href":"https:\/\/www.bevanslovakia.com\/de\/wp-json\/wp\/v2\/product_tag?post=2425"}],"curies":[{"name":"wp","href":"https:\/\/api.w.org\/{rel}","templated":true}]}}